{"id":936,"date":"2020-11-23T18:17:05","date_gmt":"2020-11-23T17:17:05","guid":{"rendered":"https:\/\/www.archeometra.it\/cookie-policy\/"},"modified":"2020-11-23T18:17:05","modified_gmt":"2020-11-23T17:17:05","slug":"cookie-policy","status":"publish","type":"page","link":"https:\/\/www.archeometra.it\/en\/cookie-policy\/","title":{"rendered":"Cookie Policy"},"content":{"rendered":"<p>[et_pb_section fb_built=&#8221;1&#8243; fullwidth=&#8221;on&#8221; _builder_version=&#8221;3.16.1&#8243;][et_pb_fullwidth_post_title meta=&#8221;off&#8221; featured_image=&#8221;off&#8221; text_color=&#8221;light&#8221; _builder_version=&#8221;3.16.1&#8243; background_color=&#8221;#3644AF&#8221;][\/et_pb_fullwidth_post_title][\/et_pb_section][et_pb_section fb_built=&#8221;1&#8243; _builder_version=&#8221;3.16.1&#8243;][et_pb_row _builder_version=&#8221;3.16.1&#8243;][et_pb_column type=&#8221;4_4&#8243; _builder_version=&#8221;3.16.1&#8243; parallax=&#8221;off&#8221; parallax_method=&#8221;on&#8221;][et_pb_text _builder_version=&#8221;3.16.1&#8243;]<\/p>\n<p>I nostri siti utilizzano i cookie,\u00a0piccoli pezzi di informazioni che ci permettono di confrontare e capire come i nostri utenti navigano attraverso i nostri siti web e vengono utilizzati principalmente per adeguare il funzionamento dei siti alle aspettative dell\u2019utente, offrendo una miglior esperienza di navigazione.<\/p>\n<p>Ci sono diverse tipologie di cookie:<\/p>\n<p><strong>Cookie\u00a0tecnici<\/strong><\/p>\n<p>Questi cookie sono necessari per consentirti di navigare nei siti e utilizzarne tutte le funzionalit\u00e0. Senza questi cookie non saremmo in grado di fornirti alcuni servizi o funzioni e la navigazione sul siti non sarebbe agevole e facile come dovrebbe essere.<\/p>\n<p><strong>Cookie di sessione<\/strong><\/p>\n<p>Sono cookie lasciati temporaneamente nel tuo computer. Vengono utilizzati per raccogliere e memorizzare i dati mentre accedi alle pagine web. Si cancellano automaticamente al termine della sessione di navigazione.<\/p>\n<p><strong>Uso di Google Analytics<\/strong><\/p>\n<p>Nei nostri siti utilizziamo il software di analisi <b>Google Analytics<\/b>, un servizio di analisi web di Google Inc., 1600 Amphitheatre Parkway, Mountain View, CA 94043, USA. Google Analytics impiega un tracking cookie per poter riconoscere un utente che ha gi\u00e0 visitato la nostra pagina web in passato. Un cookie \u00e8 un file di testo di piccole dimensioni che viene salvato sul tuo computer e consente cos\u00ec da effettuare un\u2018analisi sull\u2019andamento delle visite alla nostra pagina web (i cosiddetti profili di utilizzo). Il tracking cookie ha una validit\u00e0 di due anni. Le informazioni rilevate tramite il cookie sull\u2019uso della nostra pagina web (incluso il tuo indirizzo IP) vengono generalmente trasmesse ad un server di Google negli USA dove vengono salvate. Google Analytics \u00e8 stato ampliato del codice \u201cgat._anonymizeIp();\u201c allo scopo di garantire un <strong>rilevamento anonimizzato<\/strong> degli indirizzi IP (cosiddetto IP Masking).<\/p>\n<p>L\u2019indirizzo IP (il numero assegnato al tuo computer dal tuo provider di servizi internet) viene perci\u00f2 precedentemente abbreviato su nostra iniziativa da Google all\u2019interno degli stati membri dell\u2019Unione Europea o in altri stati dell\u2019accordo sullo spazio economico europeo. I profili di utilizzo creati da Google Analytics sono perci\u00f2 anonimizzati e non \u00e8 quindi possibile desumere l\u2019effettivo utente. Solo in casi eccezionali viene trasmesso l\u2019intero indirizzo IP ad un server di Google negli USA e l\u00ec abbreviato. Google aderisce, inoltre, ai principi in materia di dati personali dell\u2019accordo \u201cUS Safe Harbor\u201d ed \u00e8 registrato al programma \u201cSafe Harbor\u201d del Ministero del Commercio statunitense.<\/p>\n<p>I profili di utilizzo comprendono, ad esempio, informazioni sulla permanenza, sulla provenienza geografica approssimativa, sulla provenienza del traffico dei visitatori, sulle pagine di uscita e le procedure di utilizzo. Google utilizzer\u00e0 queste informazioni per valutare l\u2019uso, comporre report sulle attivit\u00e0 della nostra pagina web e fornirci ulteriori servizi connessi all\u2019utilizzo del sito web e di internet.<\/p>\n<p>L\u2019indirizzo IP trasmesso dal tuo browser nell\u2019ambito di Google Analytics non viene unito ad altri dati di Google. Una trasmissione di questi dati a terzi mediante Google avviene solo secondo disposizioni di legge o nell\u2019ambito dell\u2019elaborazione di dati per conto terzi. In nessun caso Google raggrupper\u00e0 i tuoi dati personali con altri dati rilevati da Google.<\/p>\n<p>Con l\u2019utilizzo della nostra pagina web esprimi il tuo consenso all\u2019elaborazione dei dati rilevati mediante Google e alle modalit\u00e0 dell\u2019elaborazione dei dati cos\u00ec come alla finalit\u00e0 menzionata. Puoi impedire il salvataggio dei cookie impostando il tuo software browser in modo corrispondente. Nota per\u00f2 che in questo caso potrebbe non essere possibile utilizzare a pieno tutte le funzioni dei nostri sito web.<\/p>\n<p>Puoi trovare maggiori informazioni su Google Analytics e sulla tutela dei dati personali alle pagine web:<\/p>\n<p><a href=\"https:\/\/support.google.com\/analytics\/answer\/181881?hl=it\" target=\"_blank\" rel=\"noopener noreferrer\">https:\/\/support.google.com\/analytics\/answer\/181881?hl=it<\/a> <br \/>oppure <a href=\"https:\/\/support.google.com\/analytics\/answer\/6004245?hl=it\" target=\"_blank\" rel=\"noopener noreferrer\">https:\/\/support.google.com\/analytics\/answer\/6004245?hl=it<\/a><\/p>\n<h2>Perch\u00e9 accettare l\u2019utilizzo dei cookie?<\/h2>\n<p>Accettando l\u2019utilizzo dei cookie si otterr\u00e0 una migliore esperienza di navigazione sui nostri siti.<\/p>\n<p>Utilizziamo i cookie per:<\/p>\n<ul>\n<li>Aggiornare e ottimizzare i contenuti web<\/li>\n<li>Creare statistiche che ci aiutano a capire come vengono utilizzati i nostri siti web<\/li>\n<\/ul>\n<h2>Come abilitare o disabilitare\u00a0i cookie<\/h2>\n<p>L\u2019erogazione di tutti i cookie, sia di prime che di terze parti, \u00e8 disattivabile intervenendo sulle impostazioni del browser in uso; \u00e8 bene notare per\u00f2 che questo potrebbe rendere inutilizzabili i siti qualora si bloccassero i cookie indispensabili per l\u2019erogazione delle funzionalit\u00e0. Ogni browser dispone di impostazioni diverse per la disattivazione dei cookie; di seguito proponiamo i collegamenti alle istruzioni per i browser pi\u00f9 comuni.<\/p>\n<ul>\n<li><a href=\"https:\/\/windows.microsoft.com\/it-it\/windows7\/block-enable-or-allow-cookies\" target=\"_blank\" rel=\"noopener noreferrer\">Microsoft Internet Explorer<\/a><\/li>\n<li><a href=\"https:\/\/support.google.com\/accounts\/answer\/61416?hl=it\" target=\"_blank\" rel=\"noopener noreferrer\">Google Chrome<\/a><\/li>\n<li><a href=\"https:\/\/support.apple.com\/kb\/PH19214?locale=it_IT\" target=\"_blank\" rel=\"noopener noreferrer\">Apple Safari<\/a><\/li>\n<li><a href=\"https:\/\/support.mozilla.org\/it\/kb\/Attivare%20e%20disattivare%20i%20cookie\" target=\"_blank\" rel=\"noopener noreferrer\">Mozilla Firefox<\/a><\/li>\n<li><a href=\"https:\/\/help.opera.com\/Windows\/10.00\/it\/cookies.html\" target=\"_blank\" rel=\"noopener noreferrer\">Opera<\/a><\/li>\n<\/ul>\n<p>[\/et_pb_text][\/et_pb_column][\/et_pb_row][\/et_pb_section]<\/p>\n","protected":false},"excerpt":{"rendered":"<p>I nostri siti utilizzano i cookie,\u00a0piccoli pezzi di informazioni che ci permettono di confrontare e capire come i nostri utenti navigano attraverso i nostri siti web e vengono utilizzati principalmente per adeguare il funzionamento dei siti alle aspettative dell\u2019utente, offrendo una miglior esperienza di navigazione. Ci sono diverse tipologie di cookie: Cookie\u00a0tecniciQuesti cookie sono necessari [&hellip;]<\/p>\n","protected":false},"author":1,"featured_media":0,"parent":0,"menu_order":0,"comment_status":"closed","ping_status":"closed","template":"","meta":{"_et_pb_use_builder":"on","_et_pb_old_content":"","_et_gb_content_width":"","iawp_total_views":13},"_links":{"self":[{"href":"https:\/\/www.archeometra.it\/en\/wp-json\/wp\/v2\/pages\/936"}],"collection":[{"href":"https:\/\/www.archeometra.it\/en\/wp-json\/wp\/v2\/pages"}],"about":[{"href":"https:\/\/www.archeometra.it\/en\/wp-json\/wp\/v2\/types\/page"}],"author":[{"embeddable":true,"href":"https:\/\/www.archeometra.it\/en\/wp-json\/wp\/v2\/users\/1"}],"replies":[{"embeddable":true,"href":"https:\/\/www.archeometra.it\/en\/wp-json\/wp\/v2\/comments?post=936"}],"version-history":[{"count":0,"href":"https:\/\/www.archeometra.it\/en\/wp-json\/wp\/v2\/pages\/936\/revisions"}],"wp:attachment":[{"href":"https:\/\/www.archeometra.it\/en\/wp-json\/wp\/v2\/media?parent=936"}],"curies":[{"name":"wp","href":"https:\/\/api.w.org\/{rel}","templated":true}]}}